{"id":473,"date":"2026-04-22T10:00:16","date_gmt":"2026-04-22T07:00:16","guid":{"rendered":"https:\/\/kotkagas.posso.fi\/contact\/"},"modified":"2026-04-22T13:54:40","modified_gmt":"2026-04-22T10:54:40","slug":"contact","status":"publish","type":"page","link":"https:\/\/kotkagas.posso.fi\/en\/contact\/","title":{"rendered":"Contact"},"content":{"rendered":"\n<p>Kaikki s\u00e4hk\u00f6postiosoitteemme ovat muotoa <strong>etunimi.sukunimi@kotkanenergia.fi<\/strong>. Voit halutessasi j\u00e4tt\u00e4\u00e4 meille <strong>yhteydenottopyynn\u00f6n<\/strong>, niin palaamme asiaan mahdollisimman pian. Yhteydenottolinkki avaa selaimeen uuden v\u00e4lilehden yhteydenottolomakepalveluumme.<\/p>\n\n<div class=\"wp-block-buttons is-layout-flex wp-block-buttons-is-layout-flex\">\n<div class=\"wp-block-button\"><a class=\"wp-block-button__link wp-element-button\">Contact form<\/a><\/div>\n<\/div>\n\n<p><\/p>\n","protected":false},"excerpt":{"rendered":"<p>Kaikki s\u00e4hk\u00f6postiosoitteemme ovat muotoa etunimi.sukunimi@kotkanenergia.fi. Voit halutessasi j\u00e4tt\u00e4\u00e4 meille yhteydenottopyynn\u00f6n, niin palaamme asiaan mahdollisimman pian. Yhteydenottolinkki avaa selaimeen uuden v\u00e4lilehden yhteydenottolomakepalveluumme.<\/p>\n","protected":false},"author":1,"featured_media":472,"parent":0,"menu_order":0,"comment_status":"closed","ping_status":"closed","template":"","meta":{"_acf_changed":false,"footnotes":""},"class_list":["post-473","page","type-page","status-publish","has-post-thumbnail","hentry"],"yoast_head":"<!-- This site is optimized with the Yoast SEO plugin v27.0 - https:\/\/yoast.com\/product\/yoast-seo-wordpress\/ -->\n<title>Contact - KotkaGas<\/title>\n<meta name=\"robots\" content=\"index, follow, max-snippet:-1, max-image-preview:large, max-video-preview:-1\" \/>\n<link rel=\"canonical\" href=\"https:\/\/kotkagas.posso.fi\/en\/contact\/\" \/>\n<meta property=\"og:locale\" content=\"en_US\" \/>\n<meta property=\"og:type\" content=\"article\" \/>\n<meta property=\"og:title\" content=\"Contact - KotkaGas\" \/>\n<meta property=\"og:description\" content=\"Kaikki s\u00e4hk\u00f6postiosoitteemme ovat muotoa etunimi.sukunimi@kotkanenergia.fi. Voit halutessasi j\u00e4tt\u00e4\u00e4 meille yhteydenottopyynn\u00f6n, niin palaamme asiaan mahdollisimman pian. Yhteydenottolinkki avaa selaimeen uuden v\u00e4lilehden yhteydenottolomakepalveluumme.\" \/>\n<meta property=\"og:url\" content=\"https:\/\/kotkagas.posso.fi\/en\/contact\/\" \/>\n<meta property=\"og:site_name\" content=\"KotkaGas\" \/>\n<meta property=\"article:modified_time\" content=\"2026-04-22T10:54:40+00:00\" \/>\n<meta property=\"og:image\" content=\"https:\/\/kotkagas.posso.fi\/wp-content\/uploads\/sites\/4\/2026\/04\/ship.png\" \/>\n\t<meta property=\"og:image:width\" content=\"1336\" \/>\n\t<meta property=\"og:image:height\" content=\"662\" \/>\n\t<meta property=\"og:image:type\" content=\"image\/png\" \/>\n<meta name=\"twitter:card\" content=\"summary_large_image\" \/>\n<script type=\"application\/ld+json\" class=\"yoast-schema-graph\">{\"@context\":\"https:\/\/schema.org\",\"@graph\":[{\"@type\":\"WebPage\",\"@id\":\"https:\/\/kotkagas.posso.fi\/en\/contact\/\",\"url\":\"https:\/\/kotkagas.posso.fi\/en\/contact\/\",\"name\":\"Contact - KotkaGas\",\"isPartOf\":{\"@id\":\"https:\/\/kotkagas.posso.fi\/en\/#website\"},\"primaryImageOfPage\":{\"@id\":\"https:\/\/kotkagas.posso.fi\/en\/contact\/#primaryimage\"},\"image\":{\"@id\":\"https:\/\/kotkagas.posso.fi\/en\/contact\/#primaryimage\"},\"thumbnailUrl\":\"https:\/\/kotkagas.posso.fi\/wp-content\/uploads\/sites\/4\/2026\/04\/ship.png\",\"datePublished\":\"2026-04-22T07:00:16+00:00\",\"dateModified\":\"2026-04-22T10:54:40+00:00\",\"breadcrumb\":{\"@id\":\"https:\/\/kotkagas.posso.fi\/en\/contact\/#breadcrumb\"},\"inLanguage\":\"en-US\",\"potentialAction\":[{\"@type\":\"ReadAction\",\"target\":[\"https:\/\/kotkagas.posso.fi\/en\/contact\/\"]}]},{\"@type\":\"ImageObject\",\"inLanguage\":\"en-US\",\"@id\":\"https:\/\/kotkagas.posso.fi\/en\/contact\/#primaryimage\",\"url\":\"https:\/\/kotkagas.posso.fi\/wp-content\/uploads\/sites\/4\/2026\/04\/ship.png\",\"contentUrl\":\"https:\/\/kotkagas.posso.fi\/wp-content\/uploads\/sites\/4\/2026\/04\/ship.png\",\"width\":1336,\"height\":662},{\"@type\":\"BreadcrumbList\",\"@id\":\"https:\/\/kotkagas.posso.fi\/en\/contact\/#breadcrumb\",\"itemListElement\":[{\"@type\":\"ListItem\",\"position\":1,\"name\":\"Etusivu\",\"item\":\"https:\/\/kotkagas.posso.fi\/en\/\"},{\"@type\":\"ListItem\",\"position\":2,\"name\":\"Contact\"}]},{\"@type\":\"WebSite\",\"@id\":\"https:\/\/kotkagas.posso.fi\/en\/#website\",\"url\":\"https:\/\/kotkagas.posso.fi\/en\/\",\"name\":\"KotkaGas\",\"description\":\"\",\"publisher\":{\"@id\":\"https:\/\/kotkagas.posso.fi\/en\/#organization\"},\"potentialAction\":[{\"@type\":\"SearchAction\",\"target\":{\"@type\":\"EntryPoint\",\"urlTemplate\":\"https:\/\/kotkagas.posso.fi\/en\/?s={search_term_string}\"},\"query-input\":{\"@type\":\"PropertyValueSpecification\",\"valueRequired\":true,\"valueName\":\"search_term_string\"}}],\"inLanguage\":\"en-US\"},{\"@type\":\"Organization\",\"@id\":\"https:\/\/kotkagas.posso.fi\/en\/#organization\",\"name\":\"KotkaGas\",\"url\":\"https:\/\/kotkagas.posso.fi\/en\/\",\"logo\":{\"@type\":\"ImageObject\",\"inLanguage\":\"en-US\",\"@id\":\"https:\/\/kotkagas.posso.fi\/en\/#\/schema\/logo\/image\/\",\"url\":\"https:\/\/kotkagas.posso.fi\/wp-content\/uploads\/sites\/4\/2026\/03\/kotkagas_logo_vertical.png\",\"contentUrl\":\"https:\/\/kotkagas.posso.fi\/wp-content\/uploads\/sites\/4\/2026\/03\/kotkagas_logo_vertical.png\",\"width\":1386,\"height\":1071,\"caption\":\"KotkaGas\"},\"image\":{\"@id\":\"https:\/\/kotkagas.posso.fi\/en\/#\/schema\/logo\/image\/\"}}]}<\/script>\n<!-- \/ Yoast SEO plugin. -->","yoast_head_json":{"title":"Contact - KotkaGas","robots":{"index":"index","follow":"follow","max-snippet":"max-snippet:-1","max-image-preview":"max-image-preview:large","max-video-preview":"max-video-preview:-1"},"canonical":"https:\/\/kotkagas.posso.fi\/en\/contact\/","og_locale":"en_US","og_type":"article","og_title":"Contact - KotkaGas","og_description":"Kaikki s\u00e4hk\u00f6postiosoitteemme ovat muotoa etunimi.sukunimi@kotkanenergia.fi. Voit halutessasi j\u00e4tt\u00e4\u00e4 meille yhteydenottopyynn\u00f6n, niin palaamme asiaan mahdollisimman pian. Yhteydenottolinkki avaa selaimeen uuden v\u00e4lilehden yhteydenottolomakepalveluumme.","og_url":"https:\/\/kotkagas.posso.fi\/en\/contact\/","og_site_name":"KotkaGas","article_modified_time":"2026-04-22T10:54:40+00:00","og_image":[{"width":1336,"height":662,"url":"https:\/\/kotkagas.posso.fi\/wp-content\/uploads\/sites\/4\/2026\/04\/ship.png","type":"image\/png"}],"twitter_card":"summary_large_image","schema":{"@context":"https:\/\/schema.org","@graph":[{"@type":"WebPage","@id":"https:\/\/kotkagas.posso.fi\/en\/contact\/","url":"https:\/\/kotkagas.posso.fi\/en\/contact\/","name":"Contact - KotkaGas","isPartOf":{"@id":"https:\/\/kotkagas.posso.fi\/en\/#website"},"primaryImageOfPage":{"@id":"https:\/\/kotkagas.posso.fi\/en\/contact\/#primaryimage"},"image":{"@id":"https:\/\/kotkagas.posso.fi\/en\/contact\/#primaryimage"},"thumbnailUrl":"https:\/\/kotkagas.posso.fi\/wp-content\/uploads\/sites\/4\/2026\/04\/ship.png","datePublished":"2026-04-22T07:00:16+00:00","dateModified":"2026-04-22T10:54:40+00:00","breadcrumb":{"@id":"https:\/\/kotkagas.posso.fi\/en\/contact\/#breadcrumb"},"inLanguage":"en-US","potentialAction":[{"@type":"ReadAction","target":["https:\/\/kotkagas.posso.fi\/en\/contact\/"]}]},{"@type":"ImageObject","inLanguage":"en-US","@id":"https:\/\/kotkagas.posso.fi\/en\/contact\/#primaryimage","url":"https:\/\/kotkagas.posso.fi\/wp-content\/uploads\/sites\/4\/2026\/04\/ship.png","contentUrl":"https:\/\/kotkagas.posso.fi\/wp-content\/uploads\/sites\/4\/2026\/04\/ship.png","width":1336,"height":662},{"@type":"BreadcrumbList","@id":"https:\/\/kotkagas.posso.fi\/en\/contact\/#breadcrumb","itemListElement":[{"@type":"ListItem","position":1,"name":"Etusivu","item":"https:\/\/kotkagas.posso.fi\/en\/"},{"@type":"ListItem","position":2,"name":"Contact"}]},{"@type":"WebSite","@id":"https:\/\/kotkagas.posso.fi\/en\/#website","url":"https:\/\/kotkagas.posso.fi\/en\/","name":"KotkaGas","description":"","publisher":{"@id":"https:\/\/kotkagas.posso.fi\/en\/#organization"},"potentialAction":[{"@type":"SearchAction","target":{"@type":"EntryPoint","urlTemplate":"https:\/\/kotkagas.posso.fi\/en\/?s={search_term_string}"},"query-input":{"@type":"PropertyValueSpecification","valueRequired":true,"valueName":"search_term_string"}}],"inLanguage":"en-US"},{"@type":"Organization","@id":"https:\/\/kotkagas.posso.fi\/en\/#organization","name":"KotkaGas","url":"https:\/\/kotkagas.posso.fi\/en\/","logo":{"@type":"ImageObject","inLanguage":"en-US","@id":"https:\/\/kotkagas.posso.fi\/en\/#\/schema\/logo\/image\/","url":"https:\/\/kotkagas.posso.fi\/wp-content\/uploads\/sites\/4\/2026\/03\/kotkagas_logo_vertical.png","contentUrl":"https:\/\/kotkagas.posso.fi\/wp-content\/uploads\/sites\/4\/2026\/03\/kotkagas_logo_vertical.png","width":1386,"height":1071,"caption":"KotkaGas"},"image":{"@id":"https:\/\/kotkagas.posso.fi\/en\/#\/schema\/logo\/image\/"}}]}},"acf":[],"_links":{"self":[{"href":"https:\/\/kotkagas.posso.fi\/en\/wp-json\/wp\/v2\/pages\/473","targetHints":{"allow":["GET"]}}],"collection":[{"href":"https:\/\/kotkagas.posso.fi\/en\/wp-json\/wp\/v2\/pages"}],"about":[{"href":"https:\/\/kotkagas.posso.fi\/en\/wp-json\/wp\/v2\/types\/page"}],"author":[{"embeddable":true,"href":"https:\/\/kotkagas.posso.fi\/en\/wp-json\/wp\/v2\/users\/1"}],"replies":[{"embeddable":true,"href":"https:\/\/kotkagas.posso.fi\/en\/wp-json\/wp\/v2\/comments?post=473"}],"version-history":[{"count":2,"href":"https:\/\/kotkagas.posso.fi\/en\/wp-json\/wp\/v2\/pages\/473\/revisions"}],"predecessor-version":[{"id":485,"href":"https:\/\/kotkagas.posso.fi\/en\/wp-json\/wp\/v2\/pages\/473\/revisions\/485"}],"wp:featuredmedia":[{"embeddable":true,"href":"https:\/\/kotkagas.posso.fi\/en\/wp-json\/wp\/v2\/media\/472"}],"wp:attachment":[{"href":"https:\/\/kotkagas.posso.fi\/en\/wp-json\/wp\/v2\/media?parent=473"}],"curies":[{"name":"wp","href":"https:\/\/api.w.org\/{rel}","templated":true}]}}